{"id":277,"date":"2018-04-04T08:38:18","date_gmt":"2018-04-04T08:38:18","guid":{"rendered":"https:\/\/artmind.se\/about\/"},"modified":"2023-09-25T15:05:00","modified_gmt":"2023-09-25T15:05:00","slug":"about","status":"publish","type":"page","link":"https:\/\/artmind.se\/sv\/about\/","title":{"rendered":"Om"},"content":{"rendered":"<div data-elementor-type=\"wp-post\" data-elementor-id=\"277\" class=\"elementor elementor-277\">\n\t\t\t\t<div class=\"aux-parallax-section elementor-element elementor-element-78a7838 e-flex e-con-boxed wpr-particle-no wpr-jarallax-no wpr-parallax-no wpr-sticky-section-no wpr-equal-height-no e-con e-parent\" data-id=\"78a7838\" data-element_type=\"container\" data-e-type=\"container\">\n\t\t\t\t\t<div class=\"e-con-inner\">\n\t\t\t\t<div class=\"elementor-element elementor-element-43eb715 elementor-widget elementor-widget-heading\" data-id=\"43eb715\" data-element_type=\"widget\" data-e-type=\"widget\" data-widget_type=\"heading.default\">\n\t\t\t\t<div class=\"elementor-widget-container\">\n\t\t\t\t\t<h1 class=\"elementor-heading-title elementor-size-default\">Varifr\u00e5n mina konstverk kommer<\/h1>\t\t\t\t<\/div>\n\t\t\t\t<\/div>\n\t\t\t\t\t<\/div>\n\t\t\t\t<\/div>\n\t\t<div class=\"aux-parallax-section elementor-element elementor-element-1c96f5b e-flex e-con-boxed wpr-particle-no wpr-jarallax-no wpr-parallax-no wpr-sticky-section-no wpr-equal-height-no e-con e-parent\" data-id=\"1c96f5b\" data-element_type=\"container\" data-e-type=\"container\">\n\t\t\t\t\t<div class=\"e-con-inner\">\n\t\t<div class=\"elementor-element elementor-element-af09cb7 e-con-full e-flex wpr-particle-no wpr-jarallax-no wpr-parallax-no wpr-sticky-section-no wpr-equal-height-no e-con e-child\" data-id=\"af09cb7\" data-element_type=\"container\" data-e-type=\"container\">\n\t\t\t\t<div class=\"elementor-element elementor-element-bf32140 elementor-widget elementor-widget-text-editor\" data-id=\"bf32140\" data-element_type=\"widget\" data-e-type=\"widget\" data-widget_type=\"text-editor.default\">\n\t\t\t\t<div class=\"elementor-widget-container\">\n\t\t\t\t\t\t\t\t\t<p>Jag skapar bilder utifr\u00e5n fria bilder som finns p\u00e5 Internet tillsammans med mina egna fotografier, m\u00e5lningar och teckningar. Mina bilder blir en \u00f6verg\u00e5ng och sammansm\u00e4ltning av platser, tider och mening. Historia, nutid och framtid samexisterar i \u00f6verlappande och sammanfl\u00e4tade lager. Detta \u00e4r essensen av cyberv\u00e4rlden \u2013 tid, rum, kollektivt och privat kollapsar till ett allt n\u00e4rvarande nu.<\/p><p>Jag finner en fascination i konceptet att anv\u00e4nda bilder som \u00e4r fritt tillg\u00e4ngliga f\u00f6r vem som helst och en del av v\u00e5r kollektiva v\u00e4rld av ber\u00e4ttelser. Tillsammans med mina egna foton och teckningar kunde de skapa en v\u00e4rld som b\u00e5de \u00e4r en del av allas arv och samtidigt v\u00e4ldigt personlig och subjektiv, och relaterad till mina egna minnen och associationer.<\/p><p>Jag letar efter mening, interaktioner och estetik i alla bilder jag m\u00f6ter. Alla mina bilder \u00e4r ber\u00e4ttelser, med en inneboende betydelse som man m\u00e5ste hitta och skapa sj\u00e4lv. De \u00e4r utg\u00e5ngspunkter f\u00f6r kontemplation, association och fantasi.<\/p>\t\t\t\t\t\t\t\t<\/div>\n\t\t\t\t<\/div>\n\t\t\t\t<\/div>\n\t\t<div class=\"elementor-element elementor-element-50047ff e-con-full e-flex wpr-particle-no wpr-jarallax-no wpr-parallax-no wpr-sticky-section-no wpr-equal-height-no e-con e-child\" data-id=\"50047ff\" data-element_type=\"container\" data-e-type=\"container\">\n\t\t\t\t<div class=\"elementor-element elementor-element-57adcc7 elementor-widget elementor-widget-text-editor\" data-id=\"57adcc7\" data-element_type=\"widget\" data-e-type=\"widget\" data-widget_type=\"text-editor.default\">\n\t\t\t\t<div class=\"elementor-widget-container\">\n\t\t\t\t\t\t\t\t\t<p>Bildernas betydelse och estetik utvecklas och f\u00f6r\u00e4ndras under min arbetsprocess. Jag vet aldrig var historien och estetiken kommer att sluta.<\/p><p>Jag vill inte bryta med historien, utan inkludera och omtolka den i mina verk.<\/p><p>Jag \u00e4r ocks\u00e5 fascinerad av det faktum att genom att arbeta digitalt kan bilderna reproduceras i valfri storlek, p\u00e5 vilket material som helst (\u00e4ven om jag mest producerar dem p\u00e5 konst eller fotografiskt papper), till och med tillverkade av robotar f\u00f6r att skapa v\u00e4ggm\u00e5lningar, mattor, glas, plast , textil, 3D, animationer och s\u00e5 vidare. Materialet och presentationen av dem blir en del av ber\u00e4ttelsen.<\/p><p>Alla mina bilder \u00e4r gjorda i en begr\u00e4nsad upplaga av 5, och kan produceras i valfri storlek, s\u00e5 l\u00e4nge det \u00e4r proportionellt mot originalbilden.<\/p><p>Priset beror p\u00e5 storlek och ditt val av material, montering eller inramning.<\/p>\t\t\t\t\t\t\t\t<\/div>\n\t\t\t\t<\/div>\n\t\t\t\t<\/div>\n\t\t\t\t\t<\/div>\n\t\t\t\t<\/div>\n\t\t\t\t<\/div>","protected":false},"excerpt":{"rendered":"<p>Var mina konstverk kommer ifr\u00e5n skapar jag bilder utifr\u00e5n fria bilder som finns p\u00e5 Internet tillsammans med mina egna fotografier, m\u00e5lningar och teckningar. Mina bilder blir en \u00f6verg\u00e5ng och sammansm\u00e4ltning av platser, tider och mening. Historia, nutid och framtid samexisterar i \u00f6verlappande och sammanfl\u00e4tade lager. Detta \u00e4r essensen av cyberv\u00e4rlden \u2013 tid, rum, kollektivt och privat kollapsar till ett allt n\u00e4rvarande nu. Jag finner en fascination i konceptet att anv\u00e4nda bilder som \u00e4r fritt tillg\u00e4ngliga f\u00f6r vem som helst och en del av v\u00e5r kollektiva v\u00e4rld av ber\u00e4ttelser. Tillsammans med mina egna foton och teckningar kunde de skapa en v\u00e4rld som b\u00e5de \u00e4r en del av allas arv och samtidigt v\u00e4ldigt personlig och subjektiv, och relaterad till mina egna minnen och associationer. Jag letar efter mening, interaktioner och estetik i alla bilder jag m\u00f6ter. Alla mina bilder \u00e4r ber\u00e4ttelser, med en inneboende betydelse som man m\u00e5ste hitta och skapa sj\u00e4lv. De \u00e4r utg\u00e5ngspunkter f\u00f6r kontemplation, association och fantasi. Bildernas betydelse och estetik utvecklas och f\u00f6r\u00e4ndras under min arbetsprocess. Jag vet aldrig var historien och estetiken kommer att sluta. Jag vill inte bryta med historien, utan inkludera och omtolka den i mina verk. Jag \u00e4r ocks\u00e5 fascinerad av det faktum att genom att arbeta digitalt kan bilderna reproduceras i valfri storlek, p\u00e5 vilket material som helst (\u00e4ven om jag mest producerar dem p\u00e5 konst eller fotografiskt papper), till och med tillverkade av robotar f\u00f6r att skapa v\u00e4ggm\u00e5lningar, mattor, glas, plast , textil, 3D, animationer och s\u00e5 vidare. Materialet och presentationen av dem blir en del av ber\u00e4ttelsen. Alla mina bilder \u00e4r gjorda i en begr\u00e4nsad upplaga av 5, och kan produceras i valfri storlek, s\u00e5 l\u00e4nge det \u00e4r proportionellt mot originalbilden. Priset beror p\u00e5 storlek och ditt val av material, montering eller inramning.<\/p>","protected":false},"author":1,"featured_media":0,"parent":0,"menu_order":0,"comment_status":"closed","ping_status":"closed","template":"templates\/page-builder-content.php","meta":{"om_disable_all_campaigns":false,"_monsterinsights_skip_tracking":false,"_monsterinsights_sitenote_active":false,"_monsterinsights_sitenote_note":"","_monsterinsights_sitenote_category":0,"footnotes":""},"class_list":["post-277","page","type-page","status-publish","hentry"],"aioseo_notices":[],"_links":{"self":[{"href":"https:\/\/artmind.se\/sv\/wp-json\/wp\/v2\/pages\/277","targetHints":{"allow":["GET"]}}],"collection":[{"href":"https:\/\/artmind.se\/sv\/wp-json\/wp\/v2\/pages"}],"about":[{"href":"https:\/\/artmind.se\/sv\/wp-json\/wp\/v2\/types\/page"}],"author":[{"embeddable":true,"href":"https:\/\/artmind.se\/sv\/wp-json\/wp\/v2\/users\/1"}],"replies":[{"embeddable":true,"href":"https:\/\/artmind.se\/sv\/wp-json\/wp\/v2\/comments?post=277"}],"version-history":[{"count":42,"href":"https:\/\/artmind.se\/sv\/wp-json\/wp\/v2\/pages\/277\/revisions"}],"predecessor-version":[{"id":1885,"href":"https:\/\/artmind.se\/sv\/wp-json\/wp\/v2\/pages\/277\/revisions\/1885"}],"wp:attachment":[{"href":"https:\/\/artmind.se\/sv\/wp-json\/wp\/v2\/media?parent=277"}],"curies":[{"name":"wp","href":"https:\/\/api.w.org\/{rel}","templated":true}]}}